{"id":4456,"date":"2026-03-19T18:46:20","date_gmt":"2026-03-19T23:46:20","guid":{"rendered":"https:\/\/moisestv.com\/staging\/login\/"},"modified":"2026-03-19T18:46:20","modified_gmt":"2026-03-19T23:46:20","slug":"login","status":"publish","type":"page","link":"https:\/\/moisestv.com\/staging\/login\/","title":{"rendered":"Login"},"content":{"rendered":"\n<div class=\"mp_wrapper mp_login_form\">\n              <div><\/div>    <!-- mp-login-form-start -->     <form name=\"mepr_loginform\" id=\"mepr_loginform\" class=\"mepr-form\" action=\"https:\/\/moisestv.com\/staging\/login\/\" method=\"post\">\n            <div class=\"mp-form-row mepr_username\">\n        <div class=\"mp-form-label\">\n                              <label for=\"user_login\">Nombre de usuario o correo electr\u00f3nico<\/label>\n        <\/div>\n        <input type=\"text\" name=\"log\" id=\"user_login\" value=\"\" \/>\n      <\/div>\n      <div class=\"mp-form-row mepr_password\">\n        <div class=\"mp-form-label\">\n          <label for=\"user_pass\">Contrase\u00f1a<\/label>\n          <div class=\"mp-hide-pw\">\n            <input type=\"password\" name=\"pwd\" id=\"user_pass\" value=\"\" \/>\n            <button type=\"button\" class=\"button mp-hide-pw hide-if-no-js\" data-toggle=\"0\" aria-label=\"Mostrar contrase\u00f1a\">\n              <span class=\"dashicons dashicons-visibility\" aria-hidden=\"true\"><\/span>\n            <\/button>\n          <\/div>\n        <\/div>\n      <\/div>\n            <div>\n        <label><input name=\"rememberme\" type=\"checkbox\" id=\"rememberme\" value=\"forever\" \/> Acu\u00e9rdate de m\u00ed<\/label>\n      <\/div>\n      <div class=\"mp-spacer\">&nbsp;<\/div>\n      <div class=\"submit\">\n        <input type=\"submit\" name=\"wp-submit\" id=\"wp-submit\" class=\"button-primary mepr-share-button \" value=\"Acceso\" \/>\n        <input type=\"hidden\" name=\"redirect_to\" value=\"https:\/\/moisestv.com\/perfil\" \/>\n        <input type=\"hidden\" name=\"mepr_process_login_form\" value=\"true\" \/>\n        <input type=\"hidden\" name=\"mepr_is_login_page\" value=\"false\" \/>\n      <\/div>\n    <\/form>\n    <div class=\"mp-spacer\">&nbsp;<\/div>\n    <div class=\"mepr-login-actions\">\n        <a\n          href=\"https:\/\/moisestv.com\/staging\/login\/?action=forgot_password\"\n          title=\"Haz clic aqu\u00ed para restablecer tu contrase\u00f1a.\"\n        >\n          Has olvidado tu contrase\u00f1a        <\/a>\n    <\/div>\n\n      \n    <!-- mp-login-form-end --> \n  <\/div>\n","protected":false},"excerpt":{"rendered":"<p>Nombre de usuario o correo electr\u00f3nico Contrase\u00f1a Acu\u00e9rdate de m\u00ed &nbsp; &nbsp; Has olvidado tu contrase\u00f1a<\/p>\n","protected":false},"author":200,"featured_media":0,"parent":0,"menu_order":0,"comment_status":"closed","ping_status":"closed","template":"","meta":{"footnotes":""},"class_list":["post-4456","page","type-page","status-publish","hentry"],"_links":{"self":[{"href":"https:\/\/moisestv.com\/staging\/wp-json\/wp\/v2\/pages\/4456","targetHints":{"allow":["GET"]}}],"collection":[{"href":"https:\/\/moisestv.com\/staging\/wp-json\/wp\/v2\/pages"}],"about":[{"href":"https:\/\/moisestv.com\/staging\/wp-json\/wp\/v2\/types\/page"}],"author":[{"embeddable":true,"href":"https:\/\/moisestv.com\/staging\/wp-json\/wp\/v2\/users\/200"}],"replies":[{"embeddable":true,"href":"https:\/\/moisestv.com\/staging\/wp-json\/wp\/v2\/comments?post=4456"}],"version-history":[{"count":0,"href":"https:\/\/moisestv.com\/staging\/wp-json\/wp\/v2\/pages\/4456\/revisions"}],"wp:attachment":[{"href":"https:\/\/moisestv.com\/staging\/wp-json\/wp\/v2\/media?parent=4456"}],"curies":[{"name":"wp","href":"https:\/\/api.w.org\/{rel}","templated":true}]}}